{"id":11766,"date":"2023-04-14T10:08:52","date_gmt":"2023-04-14T10:08:52","guid":{"rendered":"https:\/\/cyclingcambrils.com\/cambribike\/"},"modified":"2024-04-12T15:02:11","modified_gmt":"2024-04-12T15:02:11","slug":"cambribike","status":"publish","type":"page","link":"https:\/\/cyclingcambrils.com\/fr\/cambribike\/","title":{"rendered":"Foire CambriBike"},"content":{"rendered":"<p>L&rsquo;\u00e9v\u00e9nement cycliste le plus important de l&rsquo;ann\u00e9e \u00e0 Cambrils. Profitez du cyclisme avec une multitude d&rsquo;activit\u00e9s pour tous les \u00e2ges, telles que des expositions, des marches VTT et route, un circuit routier, des cours collectifs de cyclisme en salle et bien plus encore. Consultez le programme et inscrivez-vous aux activit\u00e9s de CambriBike.<\/p>\n","protected":false},"excerpt":{"rendered":"<p>L&rsquo;\u00e9v\u00e9nement cycliste le plus important de l&rsquo;ann\u00e9e \u00e0 Cambrils. Profitez  &#8230;<\/p>\n","protected":false},"author":20,"featured_media":0,"parent":0,"menu_order":0,"comment_status":"closed","ping_status":"closed","template":"","meta":{"_acf_changed":false,"footnotes":""},"class_list":["post-11766","page","type-page","status-publish","hentry"],"acf":[],"yoast_head":"<!-- This site is optimized with the Yoast SEO plugin v26.5 - https:\/\/yoast.com\/wordpress\/plugins\/seo\/ -->\n<title>\ud83d\udeb4\u200d\u2640\ufe0fFoire CambriBike - 2026<\/title>\n<meta name=\"description\" content=\"L&#039;esdeveniment ciclista m\u00e9s important de l&#039;any a Cambrils. Gaudeix del ciclisme amb multitud d&#039;activitats per a totes les edats.\" \/>\n<meta name=\"robots\" content=\"index, follow, max-snippet:-1, max-image-preview:large, max-video-preview:-1\" \/>\n<link rel=\"canonical\" href=\"https:\/\/cyclingcambrils.com\/fr\/cambribike\/\" \/>\n<meta property=\"og:locale\" content=\"fr_FR\" \/>\n<meta property=\"og:type\" content=\"article\" \/>\n<meta property=\"og:title\" content=\"CambriBike 2024\" \/>\n<meta property=\"og:description\" content=\"L&#039;esdeveniment ciclista m\u00e9s important de l&#039;any a Cambrils. Gaudeix del ciclisme amb multitud d&#039;activitats per a totes les edats com a exposicions, marxes BTT i Road, circuit viari, classes grupals de Cicle Indoor i molt m\u00e9s.\" \/>\n<meta property=\"og:url\" content=\"https:\/\/cyclingcambrils.com\/fr\/cambribike\/\" \/>\n<meta property=\"og:site_name\" content=\"Cambrils Cycling Paradise\" \/>\n<meta property=\"article:publisher\" content=\"https:\/\/www.facebook.com\/CambrilsTurisme\/\" \/>\n<meta property=\"article:modified_time\" content=\"2024-04-12T15:02:11+00:00\" \/>\n<meta property=\"og:image\" content=\"https:\/\/cyclingcambrils.com\/wp-content\/uploads\/2023\/03\/scoot_2-1024x674.jpg\" \/>\n<meta name=\"twitter:card\" content=\"summary_large_image\" \/>\n<meta name=\"twitter:label1\" content=\"Dur\u00e9e de lecture estim\u00e9e\" \/>\n\t<meta name=\"twitter:data1\" content=\"1 minute\" \/>\n<script type=\"application\/ld+json\" class=\"yoast-schema-graph\">{\"@context\":\"https:\/\/schema.org\",\"@graph\":[{\"@type\":\"WebPage\",\"@id\":\"https:\/\/cyclingcambrils.com\/fr\/cambribike\/\",\"url\":\"https:\/\/cyclingcambrils.com\/fr\/cambribike\/\",\"name\":\"\ud83d\udeb4\u200d\u2640\ufe0fFoire CambriBike - 2026\",\"isPartOf\":{\"@id\":\"https:\/\/cyclingcambrils.com\/fr\/#website\"},\"datePublished\":\"2023-04-14T10:08:52+00:00\",\"dateModified\":\"2024-04-12T15:02:11+00:00\",\"description\":\"L'esdeveniment ciclista m\u00e9s important de l'any a Cambrils. Gaudeix del ciclisme amb multitud d'activitats per a totes les edats.\",\"breadcrumb\":{\"@id\":\"https:\/\/cyclingcambrils.com\/fr\/cambribike\/#breadcrumb\"},\"inLanguage\":\"fr-FR\",\"potentialAction\":[{\"@type\":\"ReadAction\",\"target\":[\"https:\/\/cyclingcambrils.com\/fr\/cambribike\/\"]}]},{\"@type\":\"BreadcrumbList\",\"@id\":\"https:\/\/cyclingcambrils.com\/fr\/cambribike\/#breadcrumb\",\"itemListElement\":[{\"@type\":\"ListItem\",\"position\":1,\"name\":\"Portada\",\"item\":\"https:\/\/cyclingcambrils.com\/fr\/\"},{\"@type\":\"ListItem\",\"position\":2,\"name\":\"Foire CambriBike\"}]},{\"@type\":\"WebSite\",\"@id\":\"https:\/\/cyclingcambrils.com\/fr\/#website\",\"url\":\"https:\/\/cyclingcambrils.com\/fr\/\",\"name\":\"Cambrils Cycling Paradise\",\"description\":\"Descubre el para\u00edso del ciclista\",\"publisher\":{\"@id\":\"https:\/\/cyclingcambrils.com\/fr\/#organization\"},\"potentialAction\":[{\"@type\":\"SearchAction\",\"target\":{\"@type\":\"EntryPoint\",\"urlTemplate\":\"https:\/\/cyclingcambrils.com\/fr\/?s={search_term_string}\"},\"query-input\":{\"@type\":\"PropertyValueSpecification\",\"valueRequired\":true,\"valueName\":\"search_term_string\"}}],\"inLanguage\":\"fr-FR\"},{\"@type\":\"Organization\",\"@id\":\"https:\/\/cyclingcambrils.com\/fr\/#organization\",\"name\":\"Cambrils Cycling Paradise\",\"url\":\"https:\/\/cyclingcambrils.com\/fr\/\",\"logo\":{\"@type\":\"ImageObject\",\"inLanguage\":\"fr-FR\",\"@id\":\"https:\/\/cyclingcambrils.com\/fr\/#\/schema\/logo\/image\/\",\"url\":\"https:\/\/cyclingcambrils.com\/wp-content\/uploads\/2023\/04\/logo-cambrils-cycling-paradise.png\",\"contentUrl\":\"https:\/\/cyclingcambrils.com\/wp-content\/uploads\/2023\/04\/logo-cambrils-cycling-paradise.png\",\"width\":600,\"height\":196,\"caption\":\"Cambrils Cycling Paradise\"},\"image\":{\"@id\":\"https:\/\/cyclingcambrils.com\/fr\/#\/schema\/logo\/image\/\"},\"sameAs\":[\"https:\/\/www.facebook.com\/CambrilsTurisme\/\",\"https:\/\/www.instagram.com\/cambrilsturisme\"]}]}<\/script>\n<!-- \/ Yoast SEO plugin. -->","yoast_head_json":{"title":"\ud83d\udeb4\u200d\u2640\ufe0fFoire CambriBike - 2026","description":"L'esdeveniment ciclista m\u00e9s important de l'any a Cambrils. Gaudeix del ciclisme amb multitud d'activitats per a totes les edats.","robots":{"index":"index","follow":"follow","max-snippet":"max-snippet:-1","max-image-preview":"max-image-preview:large","max-video-preview":"max-video-preview:-1"},"canonical":"https:\/\/cyclingcambrils.com\/fr\/cambribike\/","og_locale":"fr_FR","og_type":"article","og_title":"CambriBike 2024","og_description":"L'esdeveniment ciclista m\u00e9s important de l'any a Cambrils. Gaudeix del ciclisme amb multitud d'activitats per a totes les edats com a exposicions, marxes BTT i Road, circuit viari, classes grupals de Cicle Indoor i molt m\u00e9s.","og_url":"https:\/\/cyclingcambrils.com\/fr\/cambribike\/","og_site_name":"Cambrils Cycling Paradise","article_publisher":"https:\/\/www.facebook.com\/CambrilsTurisme\/","article_modified_time":"2024-04-12T15:02:11+00:00","og_image":[{"url":"https:\/\/cyclingcambrils.com\/wp-content\/uploads\/2023\/03\/scoot_2-1024x674.jpg","type":"","width":"","height":""}],"twitter_card":"summary_large_image","twitter_misc":{"Dur\u00e9e de lecture estim\u00e9e":"1 minute"},"schema":{"@context":"https:\/\/schema.org","@graph":[{"@type":"WebPage","@id":"https:\/\/cyclingcambrils.com\/fr\/cambribike\/","url":"https:\/\/cyclingcambrils.com\/fr\/cambribike\/","name":"\ud83d\udeb4\u200d\u2640\ufe0fFoire CambriBike - 2026","isPartOf":{"@id":"https:\/\/cyclingcambrils.com\/fr\/#website"},"datePublished":"2023-04-14T10:08:52+00:00","dateModified":"2024-04-12T15:02:11+00:00","description":"L'esdeveniment ciclista m\u00e9s important de l'any a Cambrils. Gaudeix del ciclisme amb multitud d'activitats per a totes les edats.","breadcrumb":{"@id":"https:\/\/cyclingcambrils.com\/fr\/cambribike\/#breadcrumb"},"inLanguage":"fr-FR","potentialAction":[{"@type":"ReadAction","target":["https:\/\/cyclingcambrils.com\/fr\/cambribike\/"]}]},{"@type":"BreadcrumbList","@id":"https:\/\/cyclingcambrils.com\/fr\/cambribike\/#breadcrumb","itemListElement":[{"@type":"ListItem","position":1,"name":"Portada","item":"https:\/\/cyclingcambrils.com\/fr\/"},{"@type":"ListItem","position":2,"name":"Foire CambriBike"}]},{"@type":"WebSite","@id":"https:\/\/cyclingcambrils.com\/fr\/#website","url":"https:\/\/cyclingcambrils.com\/fr\/","name":"Cambrils Cycling Paradise","description":"Descubre el para\u00edso del ciclista","publisher":{"@id":"https:\/\/cyclingcambrils.com\/fr\/#organization"},"potentialAction":[{"@type":"SearchAction","target":{"@type":"EntryPoint","urlTemplate":"https:\/\/cyclingcambrils.com\/fr\/?s={search_term_string}"},"query-input":{"@type":"PropertyValueSpecification","valueRequired":true,"valueName":"search_term_string"}}],"inLanguage":"fr-FR"},{"@type":"Organization","@id":"https:\/\/cyclingcambrils.com\/fr\/#organization","name":"Cambrils Cycling Paradise","url":"https:\/\/cyclingcambrils.com\/fr\/","logo":{"@type":"ImageObject","inLanguage":"fr-FR","@id":"https:\/\/cyclingcambrils.com\/fr\/#\/schema\/logo\/image\/","url":"https:\/\/cyclingcambrils.com\/wp-content\/uploads\/2023\/04\/logo-cambrils-cycling-paradise.png","contentUrl":"https:\/\/cyclingcambrils.com\/wp-content\/uploads\/2023\/04\/logo-cambrils-cycling-paradise.png","width":600,"height":196,"caption":"Cambrils Cycling Paradise"},"image":{"@id":"https:\/\/cyclingcambrils.com\/fr\/#\/schema\/logo\/image\/"},"sameAs":["https:\/\/www.facebook.com\/CambrilsTurisme\/","https:\/\/www.instagram.com\/cambrilsturisme"]}]}},"_links":{"self":[{"href":"https:\/\/cyclingcambrils.com\/fr\/wp-json\/wp\/v2\/pages\/11766","targetHints":{"allow":["GET"]}}],"collection":[{"href":"https:\/\/cyclingcambrils.com\/fr\/wp-json\/wp\/v2\/pages"}],"about":[{"href":"https:\/\/cyclingcambrils.com\/fr\/wp-json\/wp\/v2\/types\/page"}],"author":[{"embeddable":true,"href":"https:\/\/cyclingcambrils.com\/fr\/wp-json\/wp\/v2\/users\/20"}],"replies":[{"embeddable":true,"href":"https:\/\/cyclingcambrils.com\/fr\/wp-json\/wp\/v2\/comments?post=11766"}],"version-history":[{"count":7,"href":"https:\/\/cyclingcambrils.com\/fr\/wp-json\/wp\/v2\/pages\/11766\/revisions"}],"predecessor-version":[{"id":13355,"href":"https:\/\/cyclingcambrils.com\/fr\/wp-json\/wp\/v2\/pages\/11766\/revisions\/13355"}],"wp:attachment":[{"href":"https:\/\/cyclingcambrils.com\/fr\/wp-json\/wp\/v2\/media?parent=11766"}],"curies":[{"name":"wp","href":"https:\/\/api.w.org\/{rel}","templated":true}]}}